{"id":8,"date":"2023-01-03T16:23:03","date_gmt":"2023-01-03T15:23:03","guid":{"rendered":"https:\/\/rubio-biopolymer.de\/?page_id=8"},"modified":"2024-10-24T22:26:04","modified_gmt":"2024-10-24T20:26:04","slug":"home","status":"publish","type":"page","link":"https:\/\/rubio-biopolymer.de\/en\/","title":{"rendered":"Home"},"content":{"rendered":"","protected":false},"excerpt":{"rendered":"","protected":false},"author":1,"featured_media":0,"parent":0,"menu_order":0,"comment_status":"closed","ping_status":"closed","template":"","meta":{"_acf_changed":false,"footnotes":""},"class_list":["post-8","page","type-page","status-publish","hentry"],"acf":{"heading_section__home-01":"RUBIO f\u00fcr eine nachhaltige Kunststoff<wbr \/>&shy;wirtschaft","text_section__home-01":"Aus pflanzlichen Abf\u00e4llen hergestellte Kunststoffe, die sich mehrfach zu neuen, gleichwertigen Produkten wie Textilien, Verkleidungsteilen oder Verpackungen recyceln lassen und obendrein biologisch abbaubar sind: Das ist unsere Vision einer nachhaltigen Kunststoffwirtschaft, die in drei bis f\u00fcnf Jahren Wirklichkeit werden soll. ","img_section__home_01__01":"","img_section__home_2__02":"","riveHome_1":{"desktop":{"src_desktop":{"url":"https:\/\/rubio-biopolymer.de\/wp-content\/uploads\/2024\/07\/HOME-Filter-Animation-Stuff_FollowCursor-2-1.riv","filename":"HOME-Filter-Animation-Stuff_FollowCursor-2-1.riv","mime_type":"application\/octet-stream","file_size":157331},"width_desktop":723,"height_desktop":723},"mobile":{"src_mobile":{"url":false,"filename":"","mime_type":"","file_size":false},"width_mobile":0,"height_mobile":0},"alt":"","statemachine":"State Machine 1","autoplay":true,"layout_fit":"contain","alignment":"center","rootmargin_px":80,"rootmargin_per":0,"unit":true,"threshold":0},"heading_section__home-02":"Was ist eigentlich PBS? Das Fraunhofer Institut kl\u00e4rt auf:","text_section__home-02":"Aus pflanzlichen Reststoffen als regional verf\u00fcgbarer Rohstoff werden vielseitig einsetzbare nachhaltige Produkte. Recyclingf\u00e4hig und biologisch abbaubar. Gemeinschaftlich haben die Dr. Hans Riegel-Stiftung (Bonn) und das Fraunhofer-Institut f\u00fcr Angewandte Polymerforschung IAP (Potsdam\/ Schwarzheide) einen kurzen Erkl\u00e4rfilm produziert, in dem Motivation und Ziele der Forschungsaktivit\u00e4ten rund um das PBS auf den Punkt gebracht werden.","video_pbs":{"srcMp4":{"url":"https:\/\/rubio-biopolymer.de\/wp-content\/uploads\/2023\/01\/biokunststoff-pbs.mp4","filename":"biokunststoff-pbs.mp4","mime_type":"video\/mp4","file_size":59607600},"srcWebm":{"url":false,"filename":"","mime_type":"","file_size":false},"poster":362,"reference":"Copyright: Dr. Hans Riegel-Stiftung (Bonn) and Fraunhofer-Institut IAP"},"riveHome_2":{"desktop":{"src_desktop":{"url":"https:\/\/rubio-biopolymer.de\/wp-content\/uploads\/2024\/07\/HOME-Labor-Animation_FollowCursor-2.riv","filename":"HOME-Labor-Animation_FollowCursor-2.riv","mime_type":"application\/octet-stream","file_size":45086},"height_desktop":647,"width_desktop":596},"mobile":{"src_mobile":{"url":false,"filename":"","mime_type":"","file_size":false},"height_mobile":0,"width_mobile":0},"alt":"","statemachine":"State Machine 1","autoplay":true,"layout_fit":"contain","alignment":"center","rootmargin_px":80,"rootmargin_per":0,"unit":true,"threshold":0},"heading_section__home-04":"Der innovative RUBIO Kreislauf","text_section__home-04":"Wir, 18 Unternehmen und Forschungseinrichtungen, verwurzelt im mitteldeutschen Chemiedreieck, haben uns zu einem regionalen B\u00fcndnis namens RUBIO zusammengeschlossen. Unser Netzwerk deckt die gesamte Wertsch\u00f6pfungskette von der .","home_innovation_circle_german":599,"home_innovation_circle_english":599,"riveHome_3":{"desktop":{"src_desktop":{"url":"https:\/\/rubio-biopolymer.de\/wp-content\/uploads\/2024\/10\/innovation_circle_de-en-3.riv","filename":"innovation_circle_de-en-3.riv","mime_type":"application\/octet-stream","file_size":491884},"height_desktop":802,"width_desktop":1097},"mobile":{"src_mobile":{"url":"https:\/\/rubio-biopolymer.de\/wp-content\/uploads\/2024\/10\/innovation_circle-mobile_de-en-3.riv","filename":"innovation_circle-mobile_de-en-3.riv","mime_type":"application\/octet-stream","file_size":544970},"height_mobile":1154,"width_mobile":858},"alt":"","statemachine":"State Machine 1","autoplay":true,"layout_fit":"contain","alignment":"Center","rootmargin_px":0,"rootmargin_per":0,"unit":false,"threshold":1}},"yoast_head":"<!-- This site is optimized with the Yoast SEO plugin v27.4 - https:\/\/yoast.com\/product\/yoast-seo-wordpress\/ -->\n<title>RUBIO - Biopolymer<\/title>\n<meta name=\"description\" content=\"Aus pflanzlichen Abf\u00e4llen hergestellte Kunststoffe, mehrfach zu neuen, gleichwertigen Produkten recycelbar und biologisch abbaubar: Das ist unsere Vision einer nachhaltigen Kunststoffwirtschaft.\" \/>\n<meta name=\"robots\" content=\"index, follow, max-snippet:-1, max-image-preview:large, max-video-preview:-1\" \/>\n<link rel=\"canonical\" href=\"https:\/\/rubio-biopolymer.de\/en\/\" \/>\n<meta property=\"og:locale\" content=\"en_US\" \/>\n<meta property=\"og:type\" content=\"article\" \/>\n<meta property=\"og:title\" content=\"RUBIO - Biopolymer\" \/>\n<meta property=\"og:description\" content=\"Aus pflanzlichen Abf\u00e4llen hergestellte Kunststoffe, mehrfach zu neuen, gleichwertigen Produkten recycelbar und biologisch abbaubar: Das ist unsere Vision einer nachhaltigen Kunststoffwirtschaft.\" \/>\n<meta property=\"og:url\" content=\"https:\/\/rubio-biopolymer.de\/en\/\" \/>\n<meta property=\"og:site_name\" content=\"rubio-biopolymer\" \/>\n<meta property=\"article:modified_time\" content=\"2024-10-24T20:26:04+00:00\" \/>\n<meta property=\"og:image\" content=\"https:\/\/rubio-biopolymer.de\/wp-content\/uploads\/2024\/07\/RUBIO_primary_Wortbildmarke.png\" \/>\n\t<meta property=\"og:image:width\" content=\"2190\" \/>\n\t<meta property=\"og:image:height\" content=\"1016\" \/>\n\t<meta property=\"og:image:type\" content=\"image\/png\" \/>\n<meta name=\"twitter:card\" content=\"summary_large_image\" \/>\n<meta name=\"twitter:title\" content=\"RUBIO - Biopolymer\" \/>\n<meta name=\"twitter:image\" content=\"https:\/\/rubio-biopolymer.de\/wp-content\/uploads\/2024\/07\/RUBIO_primary_Wortbildmarke.png\" \/>\n<meta name=\"twitter:label1\" content=\"Est. reading time\" \/>\n\t<meta name=\"twitter:data1\" content=\"3 minutes\" \/>\n<script type=\"application\/ld+json\" class=\"yoast-schema-graph\">{\"@context\":\"https:\\\/\\\/schema.org\",\"@graph\":[{\"@type\":\"WebPage\",\"@id\":\"https:\\\/\\\/rubio-biopolymer.de\\\/\",\"url\":\"https:\\\/\\\/rubio-biopolymer.de\\\/\",\"name\":\"RUBIO - Biopolymer\",\"isPartOf\":{\"@id\":\"https:\\\/\\\/rubio-biopolymer.de\\\/#website\"},\"datePublished\":\"2023-01-03T15:23:03+00:00\",\"dateModified\":\"2024-10-24T20:26:04+00:00\",\"description\":\"Aus pflanzlichen Abf\u00e4llen hergestellte Kunststoffe, mehrfach zu neuen, gleichwertigen Produkten recycelbar und biologisch abbaubar: Das ist unsere Vision einer nachhaltigen Kunststoffwirtschaft.\",\"breadcrumb\":{\"@id\":\"https:\\\/\\\/rubio-biopolymer.de\\\/#breadcrumb\"},\"inLanguage\":\"en-US\",\"potentialAction\":[{\"@type\":\"ReadAction\",\"target\":[\"https:\\\/\\\/rubio-biopolymer.de\\\/\"]}]},{\"@type\":\"BreadcrumbList\",\"@id\":\"https:\\\/\\\/rubio-biopolymer.de\\\/#breadcrumb\",\"itemListElement\":[{\"@type\":\"ListItem\",\"position\":1,\"name\":\"Startseite\",\"item\":\"https:\\\/\\\/rubio-biopolymer.de\\\/\"},{\"@type\":\"ListItem\",\"position\":2,\"name\":\"Home\"}]},{\"@type\":\"WebSite\",\"@id\":\"https:\\\/\\\/rubio-biopolymer.de\\\/#website\",\"url\":\"https:\\\/\\\/rubio-biopolymer.de\\\/\",\"name\":\"rubio-biopolymer\",\"description\":\"RUBIO f\u00fcr eine nachhaltige Kunststoffwirtschaft\",\"publisher\":{\"@id\":\"https:\\\/\\\/rubio-biopolymer.de\\\/#organization\"},\"potentialAction\":[{\"@type\":\"SearchAction\",\"target\":{\"@type\":\"EntryPoint\",\"urlTemplate\":\"https:\\\/\\\/rubio-biopolymer.de\\\/?s={search_term_string}\"},\"query-input\":{\"@type\":\"PropertyValueSpecification\",\"valueRequired\":true,\"valueName\":\"search_term_string\"}}],\"inLanguage\":\"en-US\"},{\"@type\":\"Organization\",\"@id\":\"https:\\\/\\\/rubio-biopolymer.de\\\/#organization\",\"name\":\"RUBIO-biopolymer\",\"url\":\"https:\\\/\\\/rubio-biopolymer.de\\\/\",\"logo\":{\"@type\":\"ImageObject\",\"inLanguage\":\"en-US\",\"@id\":\"https:\\\/\\\/rubio-biopolymer.de\\\/#\\\/schema\\\/logo\\\/image\\\/\",\"url\":\"https:\\\/\\\/rubio-biopolymer.de\\\/wp-content\\\/uploads\\\/2023\\\/01\\\/RUBIO_primary_Wortmarke.svg\",\"contentUrl\":\"https:\\\/\\\/rubio-biopolymer.de\\\/wp-content\\\/uploads\\\/2023\\\/01\\\/RUBIO_primary_Wortmarke.svg\",\"width\":547,\"height\":253,\"caption\":\"RUBIO-biopolymer\"},\"image\":{\"@id\":\"https:\\\/\\\/rubio-biopolymer.de\\\/#\\\/schema\\\/logo\\\/image\\\/\"}}]}<\/script>\n<!-- \/ Yoast SEO plugin. -->","yoast_head_json":{"title":"RUBIO - Biopolymer","description":"Aus pflanzlichen Abf\u00e4llen hergestellte Kunststoffe, mehrfach zu neuen, gleichwertigen Produkten recycelbar und biologisch abbaubar: Das ist unsere Vision einer nachhaltigen Kunststoffwirtschaft.","robots":{"index":"index","follow":"follow","max-snippet":"max-snippet:-1","max-image-preview":"max-image-preview:large","max-video-preview":"max-video-preview:-1"},"canonical":"https:\/\/rubio-biopolymer.de\/en\/","og_locale":"en_US","og_type":"article","og_title":"RUBIO - Biopolymer","og_description":"Aus pflanzlichen Abf\u00e4llen hergestellte Kunststoffe, mehrfach zu neuen, gleichwertigen Produkten recycelbar und biologisch abbaubar: Das ist unsere Vision einer nachhaltigen Kunststoffwirtschaft.","og_url":"https:\/\/rubio-biopolymer.de\/en\/","og_site_name":"rubio-biopolymer","article_modified_time":"2024-10-24T20:26:04+00:00","og_image":[{"width":2190,"height":1016,"url":"https:\/\/rubio-biopolymer.de\/wp-content\/uploads\/2024\/07\/RUBIO_primary_Wortbildmarke.png","type":"image\/png"}],"twitter_card":"summary_large_image","twitter_title":"RUBIO - Biopolymer","twitter_image":"https:\/\/rubio-biopolymer.de\/wp-content\/uploads\/2024\/07\/RUBIO_primary_Wortbildmarke.png","twitter_misc":{"Est. reading time":"3 minutes"},"schema":{"@context":"https:\/\/schema.org","@graph":[{"@type":"WebPage","@id":"https:\/\/rubio-biopolymer.de\/","url":"https:\/\/rubio-biopolymer.de\/","name":"RUBIO - Biopolymer","isPartOf":{"@id":"https:\/\/rubio-biopolymer.de\/#website"},"datePublished":"2023-01-03T15:23:03+00:00","dateModified":"2024-10-24T20:26:04+00:00","description":"Aus pflanzlichen Abf\u00e4llen hergestellte Kunststoffe, mehrfach zu neuen, gleichwertigen Produkten recycelbar und biologisch abbaubar: Das ist unsere Vision einer nachhaltigen Kunststoffwirtschaft.","breadcrumb":{"@id":"https:\/\/rubio-biopolymer.de\/#breadcrumb"},"inLanguage":"en-US","potentialAction":[{"@type":"ReadAction","target":["https:\/\/rubio-biopolymer.de\/"]}]},{"@type":"BreadcrumbList","@id":"https:\/\/rubio-biopolymer.de\/#breadcrumb","itemListElement":[{"@type":"ListItem","position":1,"name":"Startseite","item":"https:\/\/rubio-biopolymer.de\/"},{"@type":"ListItem","position":2,"name":"Home"}]},{"@type":"WebSite","@id":"https:\/\/rubio-biopolymer.de\/#website","url":"https:\/\/rubio-biopolymer.de\/","name":"rubio-biopolymer","description":"RUBIO f\u00fcr eine nachhaltige Kunststoffwirtschaft","publisher":{"@id":"https:\/\/rubio-biopolymer.de\/#organization"},"potentialAction":[{"@type":"SearchAction","target":{"@type":"EntryPoint","urlTemplate":"https:\/\/rubio-biopolymer.de\/?s={search_term_string}"},"query-input":{"@type":"PropertyValueSpecification","valueRequired":true,"valueName":"search_term_string"}}],"inLanguage":"en-US"},{"@type":"Organization","@id":"https:\/\/rubio-biopolymer.de\/#organization","name":"RUBIO-biopolymer","url":"https:\/\/rubio-biopolymer.de\/","logo":{"@type":"ImageObject","inLanguage":"en-US","@id":"https:\/\/rubio-biopolymer.de\/#\/schema\/logo\/image\/","url":"https:\/\/rubio-biopolymer.de\/wp-content\/uploads\/2023\/01\/RUBIO_primary_Wortmarke.svg","contentUrl":"https:\/\/rubio-biopolymer.de\/wp-content\/uploads\/2023\/01\/RUBIO_primary_Wortmarke.svg","width":547,"height":253,"caption":"RUBIO-biopolymer"},"image":{"@id":"https:\/\/rubio-biopolymer.de\/#\/schema\/logo\/image\/"}}]}},"_links":{"self":[{"href":"https:\/\/rubio-biopolymer.de\/en\/wp-json\/wp\/v2\/pages\/8","targetHints":{"allow":["GET"]}}],"collection":[{"href":"https:\/\/rubio-biopolymer.de\/en\/wp-json\/wp\/v2\/pages"}],"about":[{"href":"https:\/\/rubio-biopolymer.de\/en\/wp-json\/wp\/v2\/types\/page"}],"author":[{"embeddable":true,"href":"https:\/\/rubio-biopolymer.de\/en\/wp-json\/wp\/v2\/users\/1"}],"replies":[{"embeddable":true,"href":"https:\/\/rubio-biopolymer.de\/en\/wp-json\/wp\/v2\/comments?post=8"}],"version-history":[{"count":190,"href":"https:\/\/rubio-biopolymer.de\/en\/wp-json\/wp\/v2\/pages\/8\/revisions"}],"predecessor-version":[{"id":1919,"href":"https:\/\/rubio-biopolymer.de\/en\/wp-json\/wp\/v2\/pages\/8\/revisions\/1919"}],"wp:attachment":[{"href":"https:\/\/rubio-biopolymer.de\/en\/wp-json\/wp\/v2\/media?parent=8"}],"curies":[{"name":"wp","href":"https:\/\/api.w.org\/{rel}","templated":true}]}}