{"id":14,"date":"2023-01-03T16:24:03","date_gmt":"2023-01-03T15:24:03","guid":{"rendered":"https:\/\/rubio-biopolymer.de\/?page_id=14"},"modified":"2024-07-31T13:06:42","modified_gmt":"2024-07-31T11:06:42","slug":"buendnis","status":"publish","type":"page","link":"https:\/\/rubio-biopolymer.de\/en\/buendnis\/","title":{"rendered":"Buendnis"},"content":{"rendered":"","protected":false},"excerpt":{"rendered":"","protected":false},"author":1,"featured_media":0,"parent":0,"menu_order":0,"comment_status":"closed","ping_status":"closed","template":"","meta":{"_acf_changed":false,"footnotes":""},"class_list":["post-14","page","type-page","status-publish","hentry"],"acf":[],"yoast_head":"<!-- This site is optimized with the Yoast SEO plugin v27.4 - https:\/\/yoast.com\/product\/yoast-seo-wordpress\/ -->\n<title>Buendnis<\/title>\n<meta name=\"description\" content=\"RUBIO ist das \u201eRegionale unternehmerische B\u00fcndnis zum Aufbau von Wertsch\u00f6pfungsketten f\u00fcr technische Biokunststoffe in Mitteldeutschland\u201c\" \/>\n<meta name=\"robots\" content=\"index, follow, max-snippet:-1, max-image-preview:large, max-video-preview:-1\" \/>\n<link rel=\"canonical\" href=\"https:\/\/rubio-biopolymer.de\/en\/buendnis\/\" \/>\n<meta property=\"og:locale\" content=\"en_US\" \/>\n<meta property=\"og:type\" content=\"article\" \/>\n<meta property=\"og:title\" content=\"RUBIO Biopolymer\" \/>\n<meta property=\"og:description\" content=\"Das RUBIO B\u00fcndnis\" \/>\n<meta property=\"og:url\" content=\"https:\/\/rubio-biopolymer.de\/en\/buendnis\/\" \/>\n<meta property=\"og:site_name\" content=\"rubio-biopolymer\" \/>\n<meta property=\"article:modified_time\" content=\"2024-07-31T11:06:42+00:00\" \/>\n<meta property=\"og:image\" content=\"https:\/\/rubio-biopolymer.de\/wp-content\/uploads\/2024\/07\/RUBIO_primary_Wortbildmarke.png\" \/>\n\t<meta property=\"og:image:width\" content=\"2190\" \/>\n\t<meta property=\"og:image:height\" content=\"1016\" \/>\n\t<meta property=\"og:image:type\" content=\"image\/png\" \/>\n<meta name=\"twitter:card\" content=\"summary_large_image\" \/>\n<meta name=\"twitter:title\" content=\"RUBIO Biopolymer\" \/>\n<meta name=\"twitter:description\" content=\"Das RUBIO B\u00fcndnis\" \/>\n<meta name=\"twitter:image\" content=\"https:\/\/rubio-biopolymer.de\/wp-content\/uploads\/2024\/07\/RUBIO_primary_Wortbildmarke.png\" \/>\n<meta name=\"twitter:label1\" content=\"Est. reading time\" \/>\n\t<meta name=\"twitter:data1\" content=\"2 minutes\" \/>\n<script type=\"application\/ld+json\" class=\"yoast-schema-graph\">{\"@context\":\"https:\\\/\\\/schema.org\",\"@graph\":[{\"@type\":\"WebPage\",\"@id\":\"https:\\\/\\\/rubio-biopolymer.de\\\/buendnis\\\/\",\"url\":\"https:\\\/\\\/rubio-biopolymer.de\\\/buendnis\\\/\",\"name\":\"Buendnis\",\"isPartOf\":{\"@id\":\"https:\\\/\\\/rubio-biopolymer.de\\\/#website\"},\"datePublished\":\"2023-01-03T15:24:03+00:00\",\"dateModified\":\"2024-07-31T11:06:42+00:00\",\"description\":\"RUBIO ist das \u201eRegionale unternehmerische B\u00fcndnis zum Aufbau von Wertsch\u00f6pfungsketten f\u00fcr technische Biokunststoffe in Mitteldeutschland\u201c\",\"breadcrumb\":{\"@id\":\"https:\\\/\\\/rubio-biopolymer.de\\\/buendnis\\\/#breadcrumb\"},\"inLanguage\":\"en-US\",\"potentialAction\":[{\"@type\":\"ReadAction\",\"target\":[\"https:\\\/\\\/rubio-biopolymer.de\\\/buendnis\\\/\"]}]},{\"@type\":\"BreadcrumbList\",\"@id\":\"https:\\\/\\\/rubio-biopolymer.de\\\/buendnis\\\/#breadcrumb\",\"itemListElement\":[{\"@type\":\"ListItem\",\"position\":1,\"name\":\"Startseite\",\"item\":\"https:\\\/\\\/rubio-biopolymer.de\\\/\"},{\"@type\":\"ListItem\",\"position\":2,\"name\":\"Buendnis\"}]},{\"@type\":\"WebSite\",\"@id\":\"https:\\\/\\\/rubio-biopolymer.de\\\/#website\",\"url\":\"https:\\\/\\\/rubio-biopolymer.de\\\/\",\"name\":\"rubio-biopolymer\",\"description\":\"RUBIO f\u00fcr eine nachhaltige Kunststoffwirtschaft\",\"publisher\":{\"@id\":\"https:\\\/\\\/rubio-biopolymer.de\\\/#organization\"},\"potentialAction\":[{\"@type\":\"SearchAction\",\"target\":{\"@type\":\"EntryPoint\",\"urlTemplate\":\"https:\\\/\\\/rubio-biopolymer.de\\\/?s={search_term_string}\"},\"query-input\":{\"@type\":\"PropertyValueSpecification\",\"valueRequired\":true,\"valueName\":\"search_term_string\"}}],\"inLanguage\":\"en-US\"},{\"@type\":\"Organization\",\"@id\":\"https:\\\/\\\/rubio-biopolymer.de\\\/#organization\",\"name\":\"RUBIO-biopolymer\",\"url\":\"https:\\\/\\\/rubio-biopolymer.de\\\/\",\"logo\":{\"@type\":\"ImageObject\",\"inLanguage\":\"en-US\",\"@id\":\"https:\\\/\\\/rubio-biopolymer.de\\\/#\\\/schema\\\/logo\\\/image\\\/\",\"url\":\"https:\\\/\\\/rubio-biopolymer.de\\\/wp-content\\\/uploads\\\/2023\\\/01\\\/RUBIO_primary_Wortmarke.svg\",\"contentUrl\":\"https:\\\/\\\/rubio-biopolymer.de\\\/wp-content\\\/uploads\\\/2023\\\/01\\\/RUBIO_primary_Wortmarke.svg\",\"width\":547,\"height\":253,\"caption\":\"RUBIO-biopolymer\"},\"image\":{\"@id\":\"https:\\\/\\\/rubio-biopolymer.de\\\/#\\\/schema\\\/logo\\\/image\\\/\"}}]}<\/script>\n<!-- \/ Yoast SEO plugin. -->","yoast_head_json":{"title":"Buendnis","description":"RUBIO ist das \u201eRegionale unternehmerische B\u00fcndnis zum Aufbau von Wertsch\u00f6pfungsketten f\u00fcr technische Biokunststoffe in Mitteldeutschland\u201c","robots":{"index":"index","follow":"follow","max-snippet":"max-snippet:-1","max-image-preview":"max-image-preview:large","max-video-preview":"max-video-preview:-1"},"canonical":"https:\/\/rubio-biopolymer.de\/en\/buendnis\/","og_locale":"en_US","og_type":"article","og_title":"RUBIO Biopolymer","og_description":"Das RUBIO B\u00fcndnis","og_url":"https:\/\/rubio-biopolymer.de\/en\/buendnis\/","og_site_name":"rubio-biopolymer","article_modified_time":"2024-07-31T11:06:42+00:00","og_image":[{"width":2190,"height":1016,"url":"https:\/\/rubio-biopolymer.de\/wp-content\/uploads\/2024\/07\/RUBIO_primary_Wortbildmarke.png","type":"image\/png"}],"twitter_card":"summary_large_image","twitter_title":"RUBIO Biopolymer","twitter_description":"Das RUBIO B\u00fcndnis","twitter_image":"https:\/\/rubio-biopolymer.de\/wp-content\/uploads\/2024\/07\/RUBIO_primary_Wortbildmarke.png","twitter_misc":{"Est. reading time":"2 minutes"},"schema":{"@context":"https:\/\/schema.org","@graph":[{"@type":"WebPage","@id":"https:\/\/rubio-biopolymer.de\/buendnis\/","url":"https:\/\/rubio-biopolymer.de\/buendnis\/","name":"Buendnis","isPartOf":{"@id":"https:\/\/rubio-biopolymer.de\/#website"},"datePublished":"2023-01-03T15:24:03+00:00","dateModified":"2024-07-31T11:06:42+00:00","description":"RUBIO ist das \u201eRegionale unternehmerische B\u00fcndnis zum Aufbau von Wertsch\u00f6pfungsketten f\u00fcr technische Biokunststoffe in Mitteldeutschland\u201c","breadcrumb":{"@id":"https:\/\/rubio-biopolymer.de\/buendnis\/#breadcrumb"},"inLanguage":"en-US","potentialAction":[{"@type":"ReadAction","target":["https:\/\/rubio-biopolymer.de\/buendnis\/"]}]},{"@type":"BreadcrumbList","@id":"https:\/\/rubio-biopolymer.de\/buendnis\/#breadcrumb","itemListElement":[{"@type":"ListItem","position":1,"name":"Startseite","item":"https:\/\/rubio-biopolymer.de\/"},{"@type":"ListItem","position":2,"name":"Buendnis"}]},{"@type":"WebSite","@id":"https:\/\/rubio-biopolymer.de\/#website","url":"https:\/\/rubio-biopolymer.de\/","name":"rubio-biopolymer","description":"RUBIO f\u00fcr eine nachhaltige Kunststoffwirtschaft","publisher":{"@id":"https:\/\/rubio-biopolymer.de\/#organization"},"potentialAction":[{"@type":"SearchAction","target":{"@type":"EntryPoint","urlTemplate":"https:\/\/rubio-biopolymer.de\/?s={search_term_string}"},"query-input":{"@type":"PropertyValueSpecification","valueRequired":true,"valueName":"search_term_string"}}],"inLanguage":"en-US"},{"@type":"Organization","@id":"https:\/\/rubio-biopolymer.de\/#organization","name":"RUBIO-biopolymer","url":"https:\/\/rubio-biopolymer.de\/","logo":{"@type":"ImageObject","inLanguage":"en-US","@id":"https:\/\/rubio-biopolymer.de\/#\/schema\/logo\/image\/","url":"https:\/\/rubio-biopolymer.de\/wp-content\/uploads\/2023\/01\/RUBIO_primary_Wortmarke.svg","contentUrl":"https:\/\/rubio-biopolymer.de\/wp-content\/uploads\/2023\/01\/RUBIO_primary_Wortmarke.svg","width":547,"height":253,"caption":"RUBIO-biopolymer"},"image":{"@id":"https:\/\/rubio-biopolymer.de\/#\/schema\/logo\/image\/"}}]}},"_links":{"self":[{"href":"https:\/\/rubio-biopolymer.de\/en\/wp-json\/wp\/v2\/pages\/14","targetHints":{"allow":["GET"]}}],"collection":[{"href":"https:\/\/rubio-biopolymer.de\/en\/wp-json\/wp\/v2\/pages"}],"about":[{"href":"https:\/\/rubio-biopolymer.de\/en\/wp-json\/wp\/v2\/types\/page"}],"author":[{"embeddable":true,"href":"https:\/\/rubio-biopolymer.de\/en\/wp-json\/wp\/v2\/users\/1"}],"replies":[{"embeddable":true,"href":"https:\/\/rubio-biopolymer.de\/en\/wp-json\/wp\/v2\/comments?post=14"}],"version-history":[{"count":20,"href":"https:\/\/rubio-biopolymer.de\/en\/wp-json\/wp\/v2\/pages\/14\/revisions"}],"predecessor-version":[{"id":1767,"href":"https:\/\/rubio-biopolymer.de\/en\/wp-json\/wp\/v2\/pages\/14\/revisions\/1767"}],"wp:attachment":[{"href":"https:\/\/rubio-biopolymer.de\/en\/wp-json\/wp\/v2\/media?parent=14"}],"curies":[{"name":"wp","href":"https:\/\/api.w.org\/{rel}","templated":true}]}}